{"id":941,"date":"2023-10-10T12:13:12","date_gmt":"2023-10-10T12:13:12","guid":{"rendered":"https:\/\/wp1.themevibrant.com\/newwp\/royalking\/?page_id=941"},"modified":"2024-10-25T01:58:22","modified_gmt":"2024-10-25T01:58:22","slug":"hakkimizda","status":"publish","type":"page","link":"https:\/\/musgalov.com\/index.php\/hakkimizda\/","title":{"rendered":"Hakk\u0131m\u0131zda"},"content":{"rendered":"\t\t<div data-elementor-type=\"wp-page\" data-elementor-id=\"941\" class=\"elementor elementor-941\">\n\t\t\t\t<div class=\"elementor-element elementor-element-2fe4b3e e-flex e-con-boxed e-con e-parent\" data-id=\"2fe4b3e\" data-element_type=\"container\" data-settings=\"{&quot;background_background&quot;:&quot;gradient&quot;}\">\n\t\t\t\t\t<div class=\"e-con-inner\">\n\t\t<div class=\"elementor-element elementor-element-7cf03cc e-con-full e-flex e-con e-child\" data-id=\"7cf03cc\" data-element_type=\"container\">\n\t\t\t\t<div class=\"elementor-element elementor-element-1aea26e elementor-widget elementor-widget-heading\" data-id=\"1aea26e\" data-element_type=\"widget\" data-widget_type=\"heading.default\">\n\t\t\t\t<div class=\"elementor-widget-container\">\n\t\t\t\t\t<h3 class=\"elementor-heading-title elementor-size-default\">Biz Kimiz ? <br \/>\nMusgalov'a, Ho\u015f Geldiniz<\/h3>\t\t\t\t<\/div>\n\t\t\t\t<\/div>\n\t\t\t\t<div class=\"elementor-element elementor-element-1170b1c elementor-widget elementor-widget-heading\" data-id=\"1170b1c\" data-element_type=\"widget\" data-widget_type=\"heading.default\">\n\t\t\t\t<div class=\"elementor-widget-container\">\n\t\t\t\t\t<div class=\"elementor-heading-title elementor-size-default\">Huzuru ve Konforu Bir Arada Ya\u015fay\u0131n !\n<\/div>\t\t\t\t<\/div>\n\t\t\t\t<\/div>\n\t\t\t\t<div class=\"elementor-element elementor-element-e4f1711 elementor-widget elementor-widget-heading\" data-id=\"e4f1711\" data-element_type=\"widget\" data-widget_type=\"heading.default\">\n\t\t\t\t<div class=\"elementor-widget-container\">\n\t\t\t\t\t<div class=\"elementor-heading-title elementor-size-default\">Musgalov olarak, do\u011fayla i\u00e7 i\u00e7e, huzurlu bir ya\u015fam\u0131n kap\u0131lar\u0131n\u0131 size a\u00e7\u0131yoruz. Bungalow evlerimizde, sakinli\u011fi ve huzuru ke\u015ffederek, modern hayat\u0131n tela\u015f\u0131ndan uzakla\u015fman\u0131z\u0131 sa\u011fl\u0131yoruz.\n\nY\u0131llard\u0131r s\u00fcren deneyimimizle, bungalow mimarisinin en g\u00fczel \u00f6rneklerini sizinle bulu\u015fturuyoruz. Her bir proje i\u00e7in titizlikle \u00e7al\u0131\u015f\u0131yor, size en iyi kaliteyi sunmak i\u00e7in \u00f6zen g\u00f6steriyoruz. M\u00fc\u015fteri memnuniyetini \u00f6n planda tutarak, ihtiya\u00e7lar\u0131n\u0131za uygun, \u00f6zelle\u015ftirilmi\u015f \u00e7\u00f6z\u00fcmler \u00fcretiyoruz.\n\nEkibimizdeki uzman mimarlar ve tasar\u0131mc\u0131lar, do\u011fan\u0131n g\u00fczelliklerini i\u00e7 mekanlar\u0131m\u0131zda yans\u0131tarak, size estetik ve \u015f\u0131kl\u0131\u011f\u0131 bir arada sunuyor. Sadece evler de\u011fil, an\u0131lar biriktirece\u011finiz s\u0131cak ve samimi yuvalar in\u015fa ediyoruz.<\/div>\t\t\t\t<\/div>\n\t\t\t\t<\/div>\n\t\t\t\t<div class=\"elementor-element elementor-element-0b2f748 elementor-widget elementor-widget-button\" data-id=\"0b2f748\" data-element_type=\"widget\" data-widget_type=\"button.default\">\n\t\t\t\t<div class=\"elementor-widget-container\">\n\t\t\t\t\t\t\t\t\t<div class=\"elementor-button-wrapper\">\n\t\t\t\t\t<a class=\"elementor-button elementor-button-link elementor-size-sm\" href=\"https:\/\/api.whatsapp.com\/send\/?phone=905383054272&#038;text&#038;type=phone_number&#038;app_absent=0\" target=\"_blank\" rel=\"noopener\">\n\t\t\t\t\t\t<span class=\"elementor-button-content-wrapper\">\n\t\t\t\t\t\t\t\t\t<span class=\"elementor-button-text\">Detayl\u0131 Bilgi \u0130\u00e7in<\/span>\n\t\t\t\t\t<\/span>\n\t\t\t\t\t<\/a>\n\t\t\t\t<\/div>\n\t\t\t\t\t\t\t\t<\/div>\n\t\t\t\t<\/div>\n\t\t\t\t<\/div>\n\t\t<div class=\"elementor-element elementor-element-846aa9a e-con-full e-flex e-con e-child\" data-id=\"846aa9a\" data-element_type=\"container\">\n\t\t\t\t<div class=\"elementor-element elementor-element-d98520b elementor-widget elementor-widget-image\" data-id=\"d98520b\" data-element_type=\"widget\" data-widget_type=\"image.default\">\n\t\t\t\t<div class=\"elementor-widget-container\">\n\t\t\t\t\t\t\t\t\t\t\t\t\t\t\t<img fetchpriority=\"high\" decoding=\"async\" width=\"525\" height=\"700\" src=\"https:\/\/musgalov.com\/wp-content\/uploads\/2024\/10\/WhatsApp-Image-2023-07-27-at-13.26.42-6.jpeg\" class=\"attachment-large size-large wp-image-2573\" alt=\"\" srcset=\"https:\/\/musgalov.com\/wp-content\/uploads\/2024\/10\/WhatsApp-Image-2023-07-27-at-13.26.42-6.jpeg 768w, https:\/\/musgalov.com\/wp-content\/uploads\/2024\/10\/WhatsApp-Image-2023-07-27-at-13.26.42-6-225x300.jpeg 225w\" sizes=\"(max-width: 525px) 100vw, 525px\" \/>\t\t\t\t\t\t\t\t\t\t\t\t\t\t\t<\/div>\n\t\t\t\t<\/div>\n\t\t\t\t<\/div>\n\t\t\t\t\t<\/div>\n\t\t\t\t<\/div>\n\t\t\t\t<\/div>\n\t\t","protected":false},"excerpt":{"rendered":"<p>Biz Kimiz ? Musgalov&#8217;a, Ho\u015f Geldiniz Huzuru ve Konforu Bir Arada Ya\u015fay\u0131n ! Musgalov olarak, do\u011fayla i\u00e7 i\u00e7e, huzurlu bir ya\u015fam\u0131n kap\u0131lar\u0131n\u0131 size a\u00e7\u0131yoruz. Bungalow evlerimizde, sakinli\u011fi ve huzuru ke\u015ffederek, [&hellip;]<\/p>\n","protected":false},"author":2,"featured_media":0,"parent":0,"menu_order":0,"comment_status":"closed","ping_status":"closed","template":"tpl-default-elementor.php","meta":{"footnotes":""},"class_list":["post-941","page","type-page","status-publish","hentry"],"_links":{"self":[{"href":"https:\/\/musgalov.com\/index.php\/wp-json\/wp\/v2\/pages\/941","targetHints":{"allow":["GET"]}}],"collection":[{"href":"https:\/\/musgalov.com\/index.php\/wp-json\/wp\/v2\/pages"}],"about":[{"href":"https:\/\/musgalov.com\/index.php\/wp-json\/wp\/v2\/types\/page"}],"author":[{"embeddable":true,"href":"https:\/\/musgalov.com\/index.php\/wp-json\/wp\/v2\/users\/2"}],"replies":[{"embeddable":true,"href":"https:\/\/musgalov.com\/index.php\/wp-json\/wp\/v2\/comments?post=941"}],"version-history":[{"count":23,"href":"https:\/\/musgalov.com\/index.php\/wp-json\/wp\/v2\/pages\/941\/revisions"}],"predecessor-version":[{"id":2646,"href":"https:\/\/musgalov.com\/index.php\/wp-json\/wp\/v2\/pages\/941\/revisions\/2646"}],"wp:attachment":[{"href":"https:\/\/musgalov.com\/index.php\/wp-json\/wp\/v2\/media?parent=941"}],"curies":[{"name":"wp","href":"https:\/\/api.w.org\/{rel}","templated":true}]}}